{"id":21711,"date":"2021-09-13T06:35:52","date_gmt":"2021-09-13T06:35:52","guid":{"rendered":"https:\/\/flink.sitios.pro\/?page_id=21711"},"modified":"2022-10-21T20:54:21","modified_gmt":"2022-10-21T20:54:21","slug":"inicio","status":"publish","type":"page","link":"https:\/\/flink.sitios.pro\/es\/","title":{"rendered":"Inicio"},"content":{"rendered":"\t\t<div data-elementor-type=\"wp-page\" data-elementor-id=\"21711\" class=\"elementor elementor-21711 elementor-19072\">\n\t\t\t\t\t\t<div class=\"elementor-inner\">\n\t\t\t\t<div class=\"elementor-section-wrap\">\n\t\t\t\t\t\t\t\t\t<section class=\"elementor-section elementor-top-section elementor-element elementor-element-3104c0b elementor-section-full_width elementor-section-height-default elementor-section-height-default sc_fly_static\" data-id=\"3104c0b\" data-element_type=\"section\" data-settings=\"{&quot;background_background&quot;:&quot;classic&quot;}\">\n\t\t\t\t\t\t<div class=\"elementor-container elementor-column-gap-no\">\n\t\t\t\t\t\t\t<div class=\"elementor-row\">\n\t\t\t\t\t<div class=\"elementor-column elementor-col-100 elementor-top-column elementor-element elementor-element-88167dd sc_inner_width_none sc_content_align_inherit sc_layouts_column_icons_position_left sc_fly_static\" data-id=\"88167dd\" data-element_type=\"column\">\n\t\t\t<div class=\"elementor-column-wrap elementor-element-populated\">\n\t\t\t\t\t\t\t<div class=\"elementor-widget-wrap\">\n\t\t\t\t\t\t<div class=\"elementor-element elementor-element-15c108c sc_fly_static elementor-widget elementor-widget-slider_revolution\" data-id=\"15c108c\" data-element_type=\"widget\" data-widget_type=\"slider_revolution.default\">\n\t\t\t\t<div class=\"elementor-widget-container\">\n\t\t\t\r\n\t\t<div class=\"wp-block-themepunch-revslider\">\n\t\t\t<!-- START Slide ES REVOLUTION SLIDER 6.5.19 --><p class=\"rs-p-wp-fix\"><\/p>\n\t\t\t<rs-module-wrap id=\"rev_slider_5_1_wrapper\" data-source=\"gallery\" style=\"visibility:hidden;background:transparent;padding:0;\">\n\t\t\t\t<rs-module id=\"rev_slider_5_1\" style=\"\" data-version=\"6.5.19\">\n\t\t\t\t\t<rs-slides>\n\t\t\t\t\t\t<rs-slide style=\"position: absolute;\" data-key=\"rs-11\" data-title=\"Slide\" data-thumb=\"\/\/flink.sitios.pro\/sitio\/wp-content\/uploads\/2022\/04\/slide_avion-1-50x100.jpg\" data-anim=\"f:nodelay;\" data-in=\"o:0;x:(100%);m:true;col:5;\" data-out=\"a:false;\">\n\t\t\t\t\t\t\t<img loading=\"lazy\" decoding=\"async\" src=\"\/\/flink.sitios.pro\/sitio\/wp-content\/plugins\/revslider\/public\/assets\/assets\/dummy.png\" alt=\"\" title=\"slide_avion\" width=\"2560\" height=\"1280\" class=\"rev-slidebg tp-rs-img rs-lazyload\" data-lazyload=\"\/\/flink.sitios.pro\/sitio\/wp-content\/uploads\/2022\/04\/slide_avion-1.jpg\" data-parallax=\"off\" data-no-retina>\n<!--\t\t\t\t\t\t--><rs-zone id=\"rrzm_11\" class=\"rev_row_zone_middle\" style=\"z-index: 13;\"><!--\n\n\t\t\t\t\t\t\t\t--><rs-row\n\t\t\t\t\t\t\t\t\tid=\"slider-5-slide-11-layer-0\" \n\t\t\t\t\t\t\t\t\tclass=\"slider-row\"\n\t\t\t\t\t\t\t\t\tdata-type=\"row\"\n\t\t\t\t\t\t\t\t\tdata-xy=\"xo:50px;yo:50px;\"\n\t\t\t\t\t\t\t\t\tdata-cbreak=\"nobreak\"\n\t\t\t\t\t\t\t\t\tdata-basealign=\"slide\"\n\t\t\t\t\t\t\t\t\tdata-rsp_bd=\"off\"\n\t\t\t\t\t\t\t\t\tdata-frame_0=\"o:1;\"\n\t\t\t\t\t\t\t\t\tdata-frame_999=\"o:0;st:w;sR:8700;sA:9000;\"\n\t\t\t\t\t\t\t\t\tstyle=\"z-index:1;\"\n\t\t\t\t\t\t\t\t><!--\n\t\t\t\t\t\t\t\t\t--><rs-column\n\t\t\t\t\t\t\t\t\t\tid=\"slider-5-slide-11-layer-1\" \n\t\t\t\t\t\t\t\t\t\tdata-type=\"column\"\n\t\t\t\t\t\t\t\t\t\tdata-xy=\"xo:50px;yo:50px;\"\n\t\t\t\t\t\t\t\t\t\tdata-text=\"l:30,24,20,20;a:center;\"\n\t\t\t\t\t\t\t\t\t\tdata-rsp_bd=\"off\"\n\t\t\t\t\t\t\t\t\t\tdata-column=\"w:100%;\"\n\t\t\t\t\t\t\t\t\t\tdata-frame_0=\"o:1;\"\n\t\t\t\t\t\t\t\t\t\tdata-frame_999=\"o:0;st:w;sR:8700;sA:9000;\"\n\t\t\t\t\t\t\t\t\t\tstyle=\"z-index:2;width:100%;\"\n\t\t\t\t\t\t\t\t\t><!--\n\t\t\t\t\t\t\t\t\t\t--><rs-layer\n\t\t\t\t\t\t\t\t\t\t\tid=\"slider-5-slide-11-layer-9\" \n\t\t\t\t\t\t\t\t\t\t\tdata-type=\"text\"\n\t\t\t\t\t\t\t\t\t\t\tdata-xy=\"xo:0,36px,36px,36px;yo:0,429px,429px,429px;\"\n\t\t\t\t\t\t\t\t\t\t\tdata-text=\"w:normal;s:32,26,22,14;l:34,30,24,16;ls:1px;fw:500,500,500,400;a:center;\"\n\t\t\t\t\t\t\t\t\t\t\tdata-rsp_o=\"off\"\n\t\t\t\t\t\t\t\t\t\t\tdata-rsp_bd=\"off\"\n\t\t\t\t\t\t\t\t\t\t\tdata-disp=\"inline-block\"\n\t\t\t\t\t\t\t\t\t\t\tdata-frame_0=\"y:50;\"\n\t\t\t\t\t\t\t\t\t\t\tdata-frame_1=\"e:power3.out;st:960;sp:1000;sR:960;\"\n\t\t\t\t\t\t\t\t\t\t\tdata-frame_999=\"o:0;st:w;sR:7040;\"\n\t\t\t\t\t\t\t\t\t\t\tstyle=\"z-index:3;font-family:'DM Sans';text-transform:uppercase;display:inline-block;\"\n\t\t\t\t\t\t\t\t\t\t>FLINK LOGISTICS LLC \n\t\t\t\t\t\t\t\t\t\t<\/rs-layer><!--\n\n\t\t\t\t\t\t\t\t\t\t--><rs-layer\n\t\t\t\t\t\t\t\t\t\t\tid=\"slider-5-slide-11-layer-12\" \n\t\t\t\t\t\t\t\t\t\t\tdata-type=\"shape\"\n\t\t\t\t\t\t\t\t\t\t\tdata-rsp_ch=\"on\"\n\t\t\t\t\t\t\t\t\t\t\tdata-xy=\"xo:50px,37px,19px,11px;yo:160px,120px,64px,39px;\"\n\t\t\t\t\t\t\t\t\t\t\tdata-text=\"w:normal;s:20,15,8,4;c:both;l:0,18,9,6;\"\n\t\t\t\t\t\t\t\t\t\t\tdata-flcr=\"c:both;\"\n\t\t\t\t\t\t\t\t\t\t\tdata-dim=\"w:100%;h:20px,10px,10px,0px;\"\n\t\t\t\t\t\t\t\t\t\t\tdata-frame_999=\"o:0;st:w;sR:8700;\"\n\t\t\t\t\t\t\t\t\t\t\tstyle=\"z-index:4;\"\n\t\t\t\t\t\t\t\t\t\t> \n\t\t\t\t\t\t\t\t\t\t<\/rs-layer><!--\n\n\t\t\t\t\t\t\t\t\t\t--><rs-layer\n\t\t\t\t\t\t\t\t\t\t\tid=\"slider-5-slide-11-layer-13\" \n\t\t\t\t\t\t\t\t\t\t\tdata-type=\"text\"\n\t\t\t\t\t\t\t\t\t\t\tdata-xy=\"xo:0,35px,35px,35px;yo:0,281px,281px,281px;\"\n\t\t\t\t\t\t\t\t\t\t\tdata-text=\"w:normal;s:90,60,42,24;l:81,55,40,24;ls:-3px,-3px,-2px,-1px;fw:500;a:center;\"\n\t\t\t\t\t\t\t\t\t\t\tdata-dim=\"w:auto,606px,auto,auto;\"\n\t\t\t\t\t\t\t\t\t\t\tdata-rsp_o=\"off\"\n\t\t\t\t\t\t\t\t\t\t\tdata-rsp_bd=\"off\"\n\t\t\t\t\t\t\t\t\t\t\tdata-disp=\"inline-block\"\n\t\t\t\t\t\t\t\t\t\t\tdata-frame_0=\"y:50;\"\n\t\t\t\t\t\t\t\t\t\t\tdata-frame_1=\"e:power3.out;st:1100;sp:1000;sR:1100;\"\n\t\t\t\t\t\t\t\t\t\t\tdata-frame_999=\"o:0;st:w;sR:6900;\"\n\t\t\t\t\t\t\t\t\t\t\tstyle=\"z-index:5;font-family:'halyard-display';display:inline-block;\"\n\t\t\t\t\t\t\t\t\t\t>Pasi\u00f3n por<br \/>\nel Servicio<br \/>\n \n\t\t\t\t\t\t\t\t\t\t<\/rs-layer><!--\n\n\t\t\t\t\t\t\t\t\t\t--><rs-layer\n\t\t\t\t\t\t\t\t\t\t\tid=\"slider-5-slide-11-layer-11\" \n\t\t\t\t\t\t\t\t\t\t\tdata-type=\"shape\"\n\t\t\t\t\t\t\t\t\t\t\tdata-rsp_ch=\"on\"\n\t\t\t\t\t\t\t\t\t\t\tdata-xy=\"xo:50px,37px,19px,11px;yo:260px,195px,105px,64px;\"\n\t\t\t\t\t\t\t\t\t\t\tdata-text=\"w:normal;s:20,15,8,4;c:both;l:0,18,9,6;\"\n\t\t\t\t\t\t\t\t\t\t\tdata-flcr=\"c:both;\"\n\t\t\t\t\t\t\t\t\t\t\tdata-dim=\"w:100%;h:30px,20px,18px,17px;\"\n\t\t\t\t\t\t\t\t\t\t\tdata-frame_999=\"o:0;st:w;sR:8700;\"\n\t\t\t\t\t\t\t\t\t\t\tstyle=\"z-index:6;\"\n\t\t\t\t\t\t\t\t\t\t> \n\t\t\t\t\t\t\t\t\t\t<\/rs-layer><!--\n\t\t\t\t\t\t\t\t\t--><\/rs-column><!--\n\t\t\t\t\t\t\t\t--><\/rs-row><!--\n\t\t\t\t\t\t\t--><\/rs-zone><!--\n\n\t\t\t\t\t\t\t--><a\n\t\t\t\t\t\t\t\tid=\"slider-5-slide-11-layer-2\" \n\t\t\t\t\t\t\t\tclass=\"rs-layer rev-btn\"\n\t\t\t\t\t\t\t\thref=\"https:\/\/flink.sitios.pro\/contact-us\/\" target=\"_self\"\n\t\t\t\t\t\t\t\tdata-type=\"button\"\n\t\t\t\t\t\t\t\tdata-rsp_ch=\"on\"\n\t\t\t\t\t\t\t\tdata-xy=\"x:c;yo:588px,441px,328px,310px;\"\n\t\t\t\t\t\t\t\tdata-text=\"w:normal;s:24,24,20,20;l:50,49,42,42;\"\n\t\t\t\t\t\t\t\tdata-dim=\"minh:0px,none,none,none;\"\n\t\t\t\t\t\t\t\tdata-padding=\"t:5,5,4,3;r:20,20,18,19;b:5,5,4,3;l:20,20,18,19;\"\n\t\t\t\t\t\t\t\tdata-border=\"bor:2.5px,2.5px,2.5px,2.5px;\"\n\t\t\t\t\t\t\t\tdata-frame_0=\"x:0,0px,0px,0px;y:0,0px,0px,0px;\"\n\t\t\t\t\t\t\t\tdata-frame_1=\"x:0,0px,0px,0px;y:0,0px,0px,0px;st:950;sR:950;\"\n\t\t\t\t\t\t\t\tdata-frame_999=\"o:0;st:w;sR:7750;\"\n\t\t\t\t\t\t\t\tdata-frame_hover=\"c:#000;bgc:#fff;bor:2.5px,2.5px,2.5px,2.5px;sp:200;e:power1.inOut;\"\n\t\t\t\t\t\t\t\tstyle=\"z-index:15;background-color:#ec8a01;font-family:'Roboto';text-transform:uppercase;\"\n\t\t\t\t\t\t\t>Contact Us \n\t\t\t\t\t\t\t<\/a><!--\n\n\t\t\t\t\t\t\t--><a\n\t\t\t\t\t\t\t\tid=\"slider-5-slide-11-layer-3\" \n\t\t\t\t\t\t\t\tclass=\"rs-layer rev-btn\"\n\t\t\t\t\t\t\t\thref=\"https:\/\/flink.sitios.pro\/es\/contacto\/\" target=\"_self\"\n\t\t\t\t\t\t\t\tdata-type=\"button\"\n\t\t\t\t\t\t\t\tdata-rsp_ch=\"on\"\n\t\t\t\t\t\t\t\tdata-xy=\"x:c;yo:588px,441px,328px,310px;\"\n\t\t\t\t\t\t\t\tdata-text=\"w:normal;s:24,24,20,20;l:50,49,42,42;\"\n\t\t\t\t\t\t\t\tdata-dim=\"minh:0px,none,none,none;\"\n\t\t\t\t\t\t\t\tdata-padding=\"t:5,5,4,3;r:20,20,18,19;b:5,5,4,3;l:20,20,18,19;\"\n\t\t\t\t\t\t\t\tdata-border=\"bor:2.5px,2.5px,2.5px,2.5px;\"\n\t\t\t\t\t\t\t\tdata-frame_0=\"x:0,0px,0px,0px;y:0,0px,0px,0px;\"\n\t\t\t\t\t\t\t\tdata-frame_1=\"x:0,0px,0px,0px;y:0,0px,0px,0px;st:950;sR:950;\"\n\t\t\t\t\t\t\t\tdata-frame_999=\"o:0;st:w;sR:7750;\"\n\t\t\t\t\t\t\t\tdata-frame_hover=\"c:#000;bgc:#fff;bor:2.5px,2.5px,2.5px,2.5px;sp:200;e:power1.inOut;\"\n\t\t\t\t\t\t\t\tstyle=\"z-index:15;background-color:#ec8a01;font-family:'Roboto';text-transform:uppercase;\"\n\t\t\t\t\t\t\t>Cont\u00e1ctenos \n\t\t\t\t\t\t\t<\/a><!--\n-->\t\t\t\t\t\t<\/rs-slide>\n\t\t\t\t\t\t<rs-slide style=\"position: absolute;\" data-key=\"rs-12\" data-title=\"Slide\" data-thumb=\"\/\/flink.sitios.pro\/sitio\/wp-content\/uploads\/2022\/09\/banderas_banner-2-50x100.jpg\" data-anim=\"f:nodelay;\" data-in=\"o:0;y:(100%);m:true;row:5;\" data-out=\"a:false;\">\n\t\t\t\t\t\t\t<img loading=\"lazy\" decoding=\"async\" src=\"\/\/flink.sitios.pro\/sitio\/wp-content\/plugins\/revslider\/public\/assets\/assets\/dummy.png\" alt=\"\" title=\"banderas_banner\" width=\"2560\" height=\"1280\" class=\"rev-slidebg tp-rs-img rs-lazyload\" data-lazyload=\"\/\/flink.sitios.pro\/sitio\/wp-content\/uploads\/2022\/09\/banderas_banner-2.jpg\" data-parallax=\"off\" data-no-retina>\n<!--\t\t\t\t\t\t--><rs-zone id=\"rrzm_12\" class=\"rev_row_zone_middle\" style=\"z-index: 13;\"><!--\n\n\t\t\t\t\t\t\t\t--><rs-row\n\t\t\t\t\t\t\t\t\tid=\"slider-5-slide-12-layer-14\" \n\t\t\t\t\t\t\t\t\tclass=\"slider-row\"\n\t\t\t\t\t\t\t\t\tdata-type=\"row\"\n\t\t\t\t\t\t\t\t\tdata-xy=\"xo:50px;yo:50px;\"\n\t\t\t\t\t\t\t\t\tdata-cbreak=\"nobreak\"\n\t\t\t\t\t\t\t\t\tdata-basealign=\"slide\"\n\t\t\t\t\t\t\t\t\tdata-wrpcls=\"slider-row-wrap\"\n\t\t\t\t\t\t\t\t\tdata-rsp_bd=\"off\"\n\t\t\t\t\t\t\t\t\tdata-margin=\"l:305,120,30,20;\"\n\t\t\t\t\t\t\t\t\tdata-frame_0=\"o:1;\"\n\t\t\t\t\t\t\t\t\tdata-frame_999=\"o:0;st:w;sR:8700;sA:9000;\"\n\t\t\t\t\t\t\t\t\tstyle=\"z-index:1;\"\n\t\t\t\t\t\t\t\t><!--\n\t\t\t\t\t\t\t\t\t--><rs-column\n\t\t\t\t\t\t\t\t\t\tid=\"slider-5-slide-12-layer-15\" \n\t\t\t\t\t\t\t\t\t\tdata-type=\"column\"\n\t\t\t\t\t\t\t\t\t\tdata-xy=\"xo:50px;yo:50px;\"\n\t\t\t\t\t\t\t\t\t\tdata-text=\"l:30,25,25,25;\"\n\t\t\t\t\t\t\t\t\t\tdata-rsp_bd=\"off\"\n\t\t\t\t\t\t\t\t\t\tdata-column=\"w:100%;\"\n\t\t\t\t\t\t\t\t\t\tdata-frame_0=\"o:1;\"\n\t\t\t\t\t\t\t\t\t\tdata-frame_999=\"o:0;st:w;sR:8700;sA:9000;\"\n\t\t\t\t\t\t\t\t\t\tstyle=\"z-index:2;width:100%;\"\n\t\t\t\t\t\t\t\t\t><!--\n\t\t\t\t\t\t\t\t\t\t--><rs-layer\n\t\t\t\t\t\t\t\t\t\t\tid=\"slider-5-slide-12-layer-17\" \n\t\t\t\t\t\t\t\t\t\t\tdata-type=\"text\"\n\t\t\t\t\t\t\t\t\t\t\tdata-xy=\"xo:0,36px,36px,36px;yo:0,429px,429px,429px;\"\n\t\t\t\t\t\t\t\t\t\t\tdata-text=\"w:normal;s:32,26,22,14;l:34,30,24,16;ls:1px;fw:500,500,500,400;\"\n\t\t\t\t\t\t\t\t\t\t\tdata-dim=\"w:auto,auto,374px,374px;\"\n\t\t\t\t\t\t\t\t\t\t\tdata-rsp_o=\"off\"\n\t\t\t\t\t\t\t\t\t\t\tdata-rsp_bd=\"off\"\n\t\t\t\t\t\t\t\t\t\t\tdata-disp=\"inline-block\"\n\t\t\t\t\t\t\t\t\t\t\tdata-frame_0=\"x:50;\"\n\t\t\t\t\t\t\t\t\t\t\tdata-frame_1=\"e:power3.out;st:1100;sp:1000;sR:1100;\"\n\t\t\t\t\t\t\t\t\t\t\tdata-frame_999=\"o:0;st:w;sR:6900;\"\n\t\t\t\t\t\t\t\t\t\t\tstyle=\"z-index:3;font-family:'DM Sans';text-transform:uppercase;display:inline-block;\"\n\t\t\t\t\t\t\t\t\t\t>FLINK LOGISTICS LLC \n\t\t\t\t\t\t\t\t\t\t<\/rs-layer><!--\n\n\t\t\t\t\t\t\t\t\t\t--><rs-layer\n\t\t\t\t\t\t\t\t\t\t\tid=\"slider-5-slide-12-layer-20\" \n\t\t\t\t\t\t\t\t\t\t\tdata-type=\"shape\"\n\t\t\t\t\t\t\t\t\t\t\tdata-rsp_ch=\"on\"\n\t\t\t\t\t\t\t\t\t\t\tdata-xy=\"xo:50px,37px,19px,11px;yo:160px,120px,64px,39px;\"\n\t\t\t\t\t\t\t\t\t\t\tdata-text=\"w:normal;s:20,15,8,4;c:both;l:0,18,9,6;\"\n\t\t\t\t\t\t\t\t\t\t\tdata-flcr=\"c:both;\"\n\t\t\t\t\t\t\t\t\t\t\tdata-dim=\"w:100%;h:20px,15px,10px,0px;\"\n\t\t\t\t\t\t\t\t\t\t\tdata-frame_999=\"o:0;st:w;sR:8700;\"\n\t\t\t\t\t\t\t\t\t\t\tstyle=\"z-index:4;\"\n\t\t\t\t\t\t\t\t\t\t> \n\t\t\t\t\t\t\t\t\t\t<\/rs-layer><!--\n\n\t\t\t\t\t\t\t\t\t\t--><rs-layer\n\t\t\t\t\t\t\t\t\t\t\tid=\"slider-5-slide-12-layer-16\" \n\t\t\t\t\t\t\t\t\t\t\tdata-type=\"text\"\n\t\t\t\t\t\t\t\t\t\t\tdata-xy=\"xo:0,35px,35px,35px;yo:0,281px,281px,281px;\"\n\t\t\t\t\t\t\t\t\t\t\tdata-text=\"w:normal;s:75,60,42,24;l:77,55,40,24;ls:-3px,-3px,-2px,-1px;fw:500;\"\n\t\t\t\t\t\t\t\t\t\t\tdata-rsp_o=\"off\"\n\t\t\t\t\t\t\t\t\t\t\tdata-rsp_bd=\"off\"\n\t\t\t\t\t\t\t\t\t\t\tdata-disp=\"inline-block\"\n\t\t\t\t\t\t\t\t\t\t\tdata-frame_0=\"x:50;\"\n\t\t\t\t\t\t\t\t\t\t\tdata-frame_1=\"e:power3.out;st:1200;sp:1000;sR:1200;\"\n\t\t\t\t\t\t\t\t\t\t\tdata-frame_999=\"o:0;st:w;sR:6800;\"\n\t\t\t\t\t\t\t\t\t\t\tstyle=\"z-index:5;font-family:'halyard-display';display:inline-block;\"\n\t\t\t\t\t\t\t\t\t\t>M\u00e1s de 5,000 Embarques Terrestres<br \/>\nentre Estados Unidos y M\u00e9xico \n\t\t\t\t\t\t\t\t\t\t<\/rs-layer><!--\n\n\t\t\t\t\t\t\t\t\t\t--><rs-layer\n\t\t\t\t\t\t\t\t\t\t\tid=\"slider-5-slide-12-layer-19\" \n\t\t\t\t\t\t\t\t\t\t\tdata-type=\"shape\"\n\t\t\t\t\t\t\t\t\t\t\tdata-rsp_ch=\"on\"\n\t\t\t\t\t\t\t\t\t\t\tdata-xy=\"xo:50px,37px,19px,11px;yo:260px,195px,105px,64px;\"\n\t\t\t\t\t\t\t\t\t\t\tdata-text=\"w:normal;s:20,15,8,4;c:both;l:0,18,9,6;\"\n\t\t\t\t\t\t\t\t\t\t\tdata-flcr=\"c:both;\"\n\t\t\t\t\t\t\t\t\t\t\tdata-dim=\"w:100%;h:40px,30px,22px,17px;\"\n\t\t\t\t\t\t\t\t\t\t\tdata-frame_999=\"o:0;st:w;sR:8700;\"\n\t\t\t\t\t\t\t\t\t\t\tstyle=\"z-index:6;\"\n\t\t\t\t\t\t\t\t\t\t> \n\t\t\t\t\t\t\t\t\t\t<\/rs-layer><!--\n\t\t\t\t\t\t\t\t\t--><\/rs-column><!--\n\t\t\t\t\t\t\t\t--><\/rs-row><!--\n\t\t\t\t\t\t\t--><\/rs-zone><!--\n\n\t\t\t\t\t\t\t--><a\n\t\t\t\t\t\t\t\tid=\"slider-5-slide-12-layer-4\" \n\t\t\t\t\t\t\t\tclass=\"rs-layer rev-btn\"\n\t\t\t\t\t\t\t\thref=\"https:\/\/flink.sitios.pro\/contact-us\/\" target=\"_self\"\n\t\t\t\t\t\t\t\tdata-type=\"button\"\n\t\t\t\t\t\t\t\tdata-rsp_ch=\"on\"\n\t\t\t\t\t\t\t\tdata-xy=\"x:c;yo:588px,441px,328px,310px;\"\n\t\t\t\t\t\t\t\tdata-text=\"w:normal;s:24,24,20,20;l:50,49,42,42;\"\n\t\t\t\t\t\t\t\tdata-dim=\"minh:0px,none,none,none;\"\n\t\t\t\t\t\t\t\tdata-padding=\"t:5,5,4,3;r:20,20,18,19;b:5,5,4,3;l:20,20,18,19;\"\n\t\t\t\t\t\t\t\tdata-border=\"bor:2.5px,2.5px,2.5px,2.5px;\"\n\t\t\t\t\t\t\t\tdata-frame_0=\"x:0,0px,0px,0px;y:0,0px,0px,0px;\"\n\t\t\t\t\t\t\t\tdata-frame_1=\"x:0,0px,0px,0px;y:0,0px,0px,0px;st:950;sR:950;\"\n\t\t\t\t\t\t\t\tdata-frame_999=\"o:0;st:w;sR:7750;\"\n\t\t\t\t\t\t\t\tdata-frame_hover=\"c:#000;bgc:#fff;bor:2.5px,2.5px,2.5px,2.5px;sp:200;e:power1.inOut;\"\n\t\t\t\t\t\t\t\tstyle=\"z-index:15;background-color:#ec8a01;font-family:'Roboto';text-transform:uppercase;\"\n\t\t\t\t\t\t\t>Cont\u00e1ctenos \n\t\t\t\t\t\t\t<\/a><!--\n-->\t\t\t\t\t\t<\/rs-slide>\n\t\t\t\t\t\t<rs-slide style=\"position: absolute;\" data-key=\"rs-13\" data-title=\"Slide\" data-thumb=\"\/\/flink.sitios.pro\/sitio\/wp-content\/uploads\/2022\/04\/slide_barco-50x100.jpg\" data-anim=\"f:nodelay;\" data-in=\"o:0;x:(100%);m:true;col:5;\" data-out=\"a:false;\">\n\t\t\t\t\t\t\t<img loading=\"lazy\" decoding=\"async\" src=\"\/\/flink.sitios.pro\/sitio\/wp-content\/plugins\/revslider\/public\/assets\/assets\/dummy.png\" alt=\"\" title=\"slide_barco\" width=\"2560\" height=\"1280\" class=\"rev-slidebg tp-rs-img rs-lazyload\" data-lazyload=\"\/\/flink.sitios.pro\/sitio\/wp-content\/uploads\/2022\/04\/slide_barco.jpg\" data-parallax=\"off\" data-no-retina>\n<!--\t\t\t\t\t\t--><rs-zone id=\"rrzm_13\" class=\"rev_row_zone_middle\" style=\"z-index: 13;\"><!--\n\n\t\t\t\t\t\t\t\t--><rs-row\n\t\t\t\t\t\t\t\t\tid=\"slider-5-slide-13-layer-0\" \n\t\t\t\t\t\t\t\t\tclass=\"slider-row\"\n\t\t\t\t\t\t\t\t\tdata-type=\"row\"\n\t\t\t\t\t\t\t\t\tdata-xy=\"xo:50px;yo:50px;\"\n\t\t\t\t\t\t\t\t\tdata-cbreak=\"nobreak\"\n\t\t\t\t\t\t\t\t\tdata-basealign=\"slide\"\n\t\t\t\t\t\t\t\t\tdata-rsp_bd=\"off\"\n\t\t\t\t\t\t\t\t\tdata-frame_0=\"o:1;\"\n\t\t\t\t\t\t\t\t\tdata-frame_999=\"o:0;st:w;sR:8700;sA:9000;\"\n\t\t\t\t\t\t\t\t\tstyle=\"z-index:1;\"\n\t\t\t\t\t\t\t\t><!--\n\t\t\t\t\t\t\t\t\t--><rs-column\n\t\t\t\t\t\t\t\t\t\tid=\"slider-5-slide-13-layer-1\" \n\t\t\t\t\t\t\t\t\t\tdata-type=\"column\"\n\t\t\t\t\t\t\t\t\t\tdata-xy=\"xo:50px;yo:50px;\"\n\t\t\t\t\t\t\t\t\t\tdata-text=\"l:30,24,20,20;a:center;\"\n\t\t\t\t\t\t\t\t\t\tdata-rsp_bd=\"off\"\n\t\t\t\t\t\t\t\t\t\tdata-column=\"w:100%;\"\n\t\t\t\t\t\t\t\t\t\tdata-frame_0=\"o:1;\"\n\t\t\t\t\t\t\t\t\t\tdata-frame_999=\"o:0;st:w;sR:8700;sA:9000;\"\n\t\t\t\t\t\t\t\t\t\tstyle=\"z-index:2;width:100%;\"\n\t\t\t\t\t\t\t\t\t><!--\n\t\t\t\t\t\t\t\t\t\t--><rs-layer\n\t\t\t\t\t\t\t\t\t\t\tid=\"slider-5-slide-13-layer-9\" \n\t\t\t\t\t\t\t\t\t\t\tdata-type=\"text\"\n\t\t\t\t\t\t\t\t\t\t\tdata-xy=\"xo:0,36px,36px,36px;yo:0,429px,429px,429px;\"\n\t\t\t\t\t\t\t\t\t\t\tdata-text=\"w:normal;s:32,26,22,14;l:34,30,24,16;ls:1px;fw:500,500,500,400;a:center;\"\n\t\t\t\t\t\t\t\t\t\t\tdata-rsp_o=\"off\"\n\t\t\t\t\t\t\t\t\t\t\tdata-rsp_bd=\"off\"\n\t\t\t\t\t\t\t\t\t\t\tdata-disp=\"inline-block\"\n\t\t\t\t\t\t\t\t\t\t\tdata-frame_0=\"y:50;\"\n\t\t\t\t\t\t\t\t\t\t\tdata-frame_1=\"e:power3.out;st:1070;sp:1000;sR:1470;\"\n\t\t\t\t\t\t\t\t\t\t\tdata-frame_999=\"o:0;st:w;sR:6530;\"\n\t\t\t\t\t\t\t\t\t\t\tstyle=\"z-index:3;font-family:'DM Sans';text-transform:uppercase;display:inline-block;\"\n\t\t\t\t\t\t\t\t\t\t>FLINK LOGISTICS LLC \n\t\t\t\t\t\t\t\t\t\t<\/rs-layer><!--\n\n\t\t\t\t\t\t\t\t\t\t--><rs-layer\n\t\t\t\t\t\t\t\t\t\t\tid=\"slider-5-slide-13-layer-12\" \n\t\t\t\t\t\t\t\t\t\t\tdata-type=\"shape\"\n\t\t\t\t\t\t\t\t\t\t\tdata-rsp_ch=\"on\"\n\t\t\t\t\t\t\t\t\t\t\tdata-xy=\"xo:50px,37px,19px,11px;yo:160px,120px,64px,39px;\"\n\t\t\t\t\t\t\t\t\t\t\tdata-text=\"w:normal;s:20,15,8,4;c:both;l:0,18,9,6;\"\n\t\t\t\t\t\t\t\t\t\t\tdata-flcr=\"c:both;\"\n\t\t\t\t\t\t\t\t\t\t\tdata-dim=\"w:100%;h:20px,10px,10px,0px;\"\n\t\t\t\t\t\t\t\t\t\t\tdata-frame_999=\"o:0;st:w;sR:8700;\"\n\t\t\t\t\t\t\t\t\t\t\tstyle=\"z-index:4;\"\n\t\t\t\t\t\t\t\t\t\t> \n\t\t\t\t\t\t\t\t\t\t<\/rs-layer><!--\n\n\t\t\t\t\t\t\t\t\t\t--><rs-layer\n\t\t\t\t\t\t\t\t\t\t\tid=\"slider-5-slide-13-layer-13\" \n\t\t\t\t\t\t\t\t\t\t\tdata-type=\"text\"\n\t\t\t\t\t\t\t\t\t\t\tdata-xy=\"xo:0,35px,35px,35px;yo:0,281px,281px,281px;\"\n\t\t\t\t\t\t\t\t\t\t\tdata-text=\"w:normal;s:90,60,42,24;l:81,55,40,24;ls:-3px,-3px,-2px,-1px;fw:500;a:center;\"\n\t\t\t\t\t\t\t\t\t\t\tdata-dim=\"w:auto,606px,auto,auto;\"\n\t\t\t\t\t\t\t\t\t\t\tdata-rsp_o=\"off\"\n\t\t\t\t\t\t\t\t\t\t\tdata-rsp_bd=\"off\"\n\t\t\t\t\t\t\t\t\t\t\tdata-disp=\"inline-block\"\n\t\t\t\t\t\t\t\t\t\t\tdata-frame_0=\"y:50;\"\n\t\t\t\t\t\t\t\t\t\t\tdata-frame_1=\"e:power3.out;st:1170;sp:1000;sR:1560;\"\n\t\t\t\t\t\t\t\t\t\t\tdata-frame_999=\"o:0;st:w;sR:6440;\"\n\t\t\t\t\t\t\t\t\t\t\tstyle=\"z-index:5;font-family:'halyard-display';display:inline-block;\"\n\t\t\t\t\t\t\t\t\t\t>Entendemos Sus Necesidades<br \/>\ny Proporcionamos Soluciones Estrat\u00e9gicas \n\t\t\t\t\t\t\t\t\t\t<\/rs-layer><!--\n\n\t\t\t\t\t\t\t\t\t\t--><rs-layer\n\t\t\t\t\t\t\t\t\t\t\tid=\"slider-5-slide-13-layer-11\" \n\t\t\t\t\t\t\t\t\t\t\tdata-type=\"shape\"\n\t\t\t\t\t\t\t\t\t\t\tdata-rsp_ch=\"on\"\n\t\t\t\t\t\t\t\t\t\t\tdata-xy=\"xo:50px,37px,19px,11px;yo:260px,195px,105px,64px;\"\n\t\t\t\t\t\t\t\t\t\t\tdata-text=\"w:normal;s:20,15,8,4;c:both;l:0,18,9,6;\"\n\t\t\t\t\t\t\t\t\t\t\tdata-flcr=\"c:both;\"\n\t\t\t\t\t\t\t\t\t\t\tdata-dim=\"w:100%;h:30px,20px,18px,17px;\"\n\t\t\t\t\t\t\t\t\t\t\tdata-frame_999=\"o:0;st:w;sR:8700;\"\n\t\t\t\t\t\t\t\t\t\t\tstyle=\"z-index:6;\"\n\t\t\t\t\t\t\t\t\t\t> \n\t\t\t\t\t\t\t\t\t\t<\/rs-layer><!--\n\t\t\t\t\t\t\t\t\t--><\/rs-column><!--\n\t\t\t\t\t\t\t\t--><\/rs-row><!--\n\t\t\t\t\t\t\t--><\/rs-zone><!--\n\n\t\t\t\t\t\t\t--><a\n\t\t\t\t\t\t\t\tid=\"slider-5-slide-13-layer-5\" \n\t\t\t\t\t\t\t\tclass=\"rs-layer rev-btn\"\n\t\t\t\t\t\t\t\thref=\"https:\/\/flink.sitios.pro\/contact-us\/\" target=\"_self\"\n\t\t\t\t\t\t\t\tdata-type=\"button\"\n\t\t\t\t\t\t\t\tdata-rsp_ch=\"on\"\n\t\t\t\t\t\t\t\tdata-xy=\"x:c;yo:588px,441px,328px,310px;\"\n\t\t\t\t\t\t\t\tdata-text=\"w:normal;s:24,24,20,20;l:50,49,42,42;\"\n\t\t\t\t\t\t\t\tdata-dim=\"minh:0px,none,none,none;\"\n\t\t\t\t\t\t\t\tdata-padding=\"t:5,5,4,3;r:20,20,18,19;b:5,5,4,3;l:20,20,18,19;\"\n\t\t\t\t\t\t\t\tdata-border=\"bor:2.5px,2.5px,2.5px,2.5px;\"\n\t\t\t\t\t\t\t\tdata-frame_0=\"x:0,0px,0px,0px;y:0,0px,0px,0px;\"\n\t\t\t\t\t\t\t\tdata-frame_1=\"x:0,0px,0px,0px;y:0,0px,0px,0px;st:950;sR:950;\"\n\t\t\t\t\t\t\t\tdata-frame_999=\"o:0;st:w;sR:7750;\"\n\t\t\t\t\t\t\t\tdata-frame_hover=\"c:#000;bgc:#fff;bor:2.5px,2.5px,2.5px,2.5px;sp:200;e:power1.inOut;\"\n\t\t\t\t\t\t\t\tstyle=\"z-index:15;background-color:#ec8a01;font-family:'Roboto';text-transform:uppercase;\"\n\t\t\t\t\t\t\t>Cont\u00e1ctenos \n\t\t\t\t\t\t\t<\/a><!--\n-->\t\t\t\t\t\t<\/rs-slide>\n\t\t\t\t\t<\/rs-slides>\n\t\t\t\t\t<rs-static-layers><!--\n\t\t\t\t\t--><\/rs-static-layers>\n\t\t\t\t<\/rs-module>\n\t\t\t\t<script>\n\t\t\t\t\tsetREVStartSize({c: 'rev_slider_5_1',rl:[1240,1460,785,500],el:[810,650,480,480],gw:[1920,1440,778,480],gh:[810,650,480,480],type:'standard',justify:'',layout:'fullscreen',offsetContainer:'',offset:'',mh:\"0\"});if (window.RS_MODULES!==undefined && window.RS_MODULES.modules!==undefined && window.RS_MODULES.modules[\"revslider51\"]!==undefined) {window.RS_MODULES.modules[\"revslider51\"].once = false;window.revapi5 = undefined;if (window.RS_MODULES.checkMinimal!==undefined) window.RS_MODULES.checkMinimal()}\n\t\t\t\t<\/script>\n\t\t\t<\/rs-module-wrap>\n\t\t\t<!-- END REVOLUTION SLIDER -->\n<\/div>\r\n\r\n\t\t\t\t<\/div>\n\t\t\t\t<\/div>\n\t\t\t\t\t\t<\/div>\n\t\t\t\t\t<\/div>\n\t\t<\/div>\n\t\t\t\t\t\t\t\t<\/div>\n\t\t\t\t\t<\/div>\n\t\t<\/section>\n\t\t\t\t<section class=\"elementor-section elementor-top-section elementor-element elementor-element-afd238c elementor-section-full_width elementor-section-height-default elementor-section-height-default sc_fly_static\" data-id=\"afd238c\" data-element_type=\"section\">\n\t\t\t\t\t\t<div class=\"elementor-container elementor-column-gap-no\">\n\t\t\t\t\t\t\t<div class=\"elementor-row\">\n\t\t\t\t\t<div class=\"elementor-column elementor-col-25 elementor-top-column elementor-element elementor-element-362f4f2 sc_inner_width_none sc_content_align_inherit sc_layouts_column_icons_position_left sc_fly_static\" data-id=\"362f4f2\" data-element_type=\"column\">\n\t\t\t<div class=\"elementor-column-wrap elementor-element-populated\">\n\t\t\t\t\t\t\t<div class=\"elementor-widget-wrap\">\n\t\t\t\t\t\t<div class=\"elementor-element elementor-element-32083ca sc_fly_static elementor-widget elementor-widget-html\" data-id=\"32083ca\" data-element_type=\"widget\" data-widget_type=\"html.default\">\n\t\t\t\t<div class=\"elementor-widget-container\">\n\t\t\t  <div class=\"parent\" onclick=\"\">\r\n    <div class=\"child bg-one\">\r\n      <a href=\"\/es\/servicios\/#flete-aereo\">Flete A\u00e9reo<\/a>\r\n    <\/div>\r\n  <\/div>\t\t<\/div>\n\t\t\t\t<\/div>\n\t\t\t\t\t\t<\/div>\n\t\t\t\t\t<\/div>\n\t\t<\/div>\n\t\t\t\t<div class=\"elementor-column elementor-col-25 elementor-top-column elementor-element elementor-element-2651dd7 sc_inner_width_none sc_content_align_inherit sc_layouts_column_icons_position_left sc_fly_static\" data-id=\"2651dd7\" data-element_type=\"column\">\n\t\t\t<div class=\"elementor-column-wrap elementor-element-populated\">\n\t\t\t\t\t\t\t<div class=\"elementor-widget-wrap\">\n\t\t\t\t\t\t<div class=\"elementor-element elementor-element-75fa247 sc_fly_static elementor-widget elementor-widget-html\" data-id=\"75fa247\" data-element_type=\"widget\" data-widget_type=\"html.default\">\n\t\t\t\t<div class=\"elementor-widget-container\">\n\t\t\t  <div class=\"parent right\" onclick=\"\">\r\n    <div class=\"child bg-two\">\r\n      <a href=\"\/es\/servicios\/#transporte-terrestre\">Transporte Terrestre<\/a>\r\n    <\/div>\r\n  <\/div>\t\t<\/div>\n\t\t\t\t<\/div>\n\t\t\t\t\t\t<\/div>\n\t\t\t\t\t<\/div>\n\t\t<\/div>\n\t\t\t\t<div class=\"elementor-column elementor-col-25 elementor-top-column elementor-element elementor-element-9384f70 sc_inner_width_none sc_content_align_inherit sc_layouts_column_icons_position_left sc_fly_static\" data-id=\"9384f70\" data-element_type=\"column\">\n\t\t\t<div class=\"elementor-column-wrap elementor-element-populated\">\n\t\t\t\t\t\t\t<div class=\"elementor-widget-wrap\">\n\t\t\t\t\t\t<div class=\"elementor-element elementor-element-6bf4bdd sc_fly_static elementor-widget elementor-widget-html\" data-id=\"6bf4bdd\" data-element_type=\"widget\" data-widget_type=\"html.default\">\n\t\t\t\t<div class=\"elementor-widget-container\">\n\t\t\t  <div class=\"parent\" onclick=\"\">\r\n    <div class=\"child bg-three\">\r\n      <a href=\"\/es\/servicios\/#transporte-maritimo\">Transporte Mar\u00edtimo<\/a>\r\n    <\/div>\r\n  <\/div>\t\t<\/div>\n\t\t\t\t<\/div>\n\t\t\t\t\t\t<\/div>\n\t\t\t\t\t<\/div>\n\t\t<\/div>\n\t\t\t\t<div class=\"elementor-column elementor-col-25 elementor-top-column elementor-element elementor-element-c14f88e sc_inner_width_none sc_content_align_inherit sc_layouts_column_icons_position_left sc_fly_static\" data-id=\"c14f88e\" data-element_type=\"column\">\n\t\t\t<div class=\"elementor-column-wrap elementor-element-populated\">\n\t\t\t\t\t\t\t<div class=\"elementor-widget-wrap\">\n\t\t\t\t\t\t<div class=\"elementor-element elementor-element-24ed28c sc_fly_static elementor-widget elementor-widget-html\" data-id=\"24ed28c\" data-element_type=\"widget\" data-widget_type=\"html.default\">\n\t\t\t\t<div class=\"elementor-widget-container\">\n\t\t\t  <div class=\"parent right\" onclick=\"\">\r\n    <div class=\"child bg-four\">\r\n      <a href=\"\/es\/servicios\/#almacenamiento\">Almacenamiento y<br\/>Reexpedici\u00f3n<\/a>\r\n    <\/div>\r\n  <\/div>\t\t<\/div>\n\t\t\t\t<\/div>\n\t\t\t\t\t\t<\/div>\n\t\t\t\t\t<\/div>\n\t\t<\/div>\n\t\t\t\t\t\t\t\t<\/div>\n\t\t\t\t\t<\/div>\n\t\t<\/section>\n\t\t\t\t\t\t\t\t\t<\/div>\n\t\t\t<\/div>\n\t\t\t\t\t<\/div>\n\t\t","protected":false},"excerpt":{"rendered":"<p>Flete A\u00e9reo Transporte Terrestre Transporte Mar\u00edtimo Almacenamiento yReexpedici\u00f3n<\/p>\n","protected":false},"author":1,"featured_media":0,"parent":0,"menu_order":0,"comment_status":"closed","ping_status":"closed","template":"","meta":{"footnotes":""},"class_list":["post-21711","page","type-page","status-publish","hentry"],"_links":{"self":[{"href":"https:\/\/flink.sitios.pro\/es\/wp-json\/wp\/v2\/pages\/21711","targetHints":{"allow":["GET"]}}],"collection":[{"href":"https:\/\/flink.sitios.pro\/es\/wp-json\/wp\/v2\/pages"}],"about":[{"href":"https:\/\/flink.sitios.pro\/es\/wp-json\/wp\/v2\/types\/page"}],"author":[{"embeddable":true,"href":"https:\/\/flink.sitios.pro\/es\/wp-json\/wp\/v2\/users\/1"}],"replies":[{"embeddable":true,"href":"https:\/\/flink.sitios.pro\/es\/wp-json\/wp\/v2\/comments?post=21711"}],"version-history":[{"count":17,"href":"https:\/\/flink.sitios.pro\/es\/wp-json\/wp\/v2\/pages\/21711\/revisions"}],"predecessor-version":[{"id":21985,"href":"https:\/\/flink.sitios.pro\/es\/wp-json\/wp\/v2\/pages\/21711\/revisions\/21985"}],"wp:attachment":[{"href":"https:\/\/flink.sitios.pro\/es\/wp-json\/wp\/v2\/media?parent=21711"}],"curies":[{"name":"wp","href":"https:\/\/api.w.org\/{rel}","templated":true}]}}